{"id":991,"date":"2024-11-19T00:04:57","date_gmt":"2024-11-19T03:04:57","guid":{"rendered":"https:\/\/crystalonlineglobaleducation.com.ar\/blog\/?page_id=991"},"modified":"2024-11-23T09:36:10","modified_gmt":"2024-11-23T12:36:10","slug":"registro","status":"publish","type":"page","link":"https:\/\/crystalonlineglobaleducation.com.ar\/blog\/","title":{"rendered":"REGISTRO"},"content":{"rendered":"\n<figure class=\"wp-block-image size-large\"><a href=\"https:\/\/crystalonlineglobaleducation.com.ar\/blog\/wp-content\/uploads\/2024\/06\/IMG_1714349870554-1.jpg\" rel=\"click here pleaae\"><img decoding=\"async\" width=\"1024\" height=\"819\" data-src=\"https:\/\/crystalonlineglobaleducation.com.ar\/blog\/wp-content\/uploads\/2024\/06\/IMG_1714349870554-1-1024x819.jpg\" alt=\"Click en la imagen para llenar el formulario\" class=\"wp-image-912 lazyload\" data-srcset=\"https:\/\/crystalonlineglobaleducation.com.ar\/blog\/wp-content\/uploads\/2024\/06\/IMG_1714349870554-1-1024x819.jpg 1024w, https:\/\/crystalonlineglobaleducation.com.ar\/blog\/wp-content\/uploads\/2024\/06\/IMG_1714349870554-1-300x240.jpg 300w, https:\/\/crystalonlineglobaleducation.com.ar\/blog\/wp-content\/uploads\/2024\/06\/IMG_1714349870554-1-768x614.jpg 768w, https:\/\/crystalonlineglobaleducation.com.ar\/blog\/wp-content\/uploads\/2024\/06\/IMG_1714349870554-1-1536x1229.jpg 1536w, https:\/\/crystalonlineglobaleducation.com.ar\/blog\/wp-content\/uploads\/2024\/06\/IMG_1714349870554-1.jpg 1920w\" data-sizes=\"(max-width: 1024px) 100vw, 1024px\" src=\"data:image\/svg+xml;base64,PHN2ZyB3aWR0aD0iMSIgaGVpZ2h0PSIxIiB4bWxucz0iaHR0cDovL3d3dy53My5vcmcvMjAwMC9zdmciPjwvc3ZnPg==\" style=\"--smush-placeholder-width: 1024px; --smush-placeholder-aspect-ratio: 1024\/819;\" \/><\/a><\/figure>\n\n\n\n<p class=\"has-text-align-center has-white-color has-text-color has-background has-link-color has-medium-font-size wp-elements-0c8d3e076e5b6a74801ccbc2febbf30e\" style=\"background-color:#064c75\"><strong>Est\u00e1s a un par de clicks para autosuperarte, pasar a otro nivel laboral, ser mejor hablante de Ingl\u00e9s y contactar con m\u00e1s seguridad a cualquier persona de cualquier parte del mundo!<\/strong><\/p>\n\n\n\n<p class=\"has-text-color has-background has-link-color has-medium-font-size wp-elements-3b5d320ab3f0fd71d5e3b5b2e38daa03\" style=\"color:#022840;background:radial-gradient(rgba(252,185,0,1) 0%,rgba(255,105,0,1) 100%)\"><a href=\"https:\/\/forms.gle\/mkeNMvn652j1yxbPA\"><img decoding=\"async\" width=\"150\" height=\"150\" class=\"wp-image-1008 lazyload\" style=\"--smush-placeholder-width: 150px; --smush-placeholder-aspect-ratio: 150\/150;width: 150px;\" data-src=\"https:\/\/crystalonlineglobaleducation.com.ar\/blog\/wp-content\/uploads\/2024\/11\/TIFF-Taza-de-dos-manijas-24.4.21.png\" alt=\"\" data-srcset=\"https:\/\/crystalonlineglobaleducation.com.ar\/blog\/wp-content\/uploads\/2024\/11\/TIFF-Taza-de-dos-manijas-24.4.21.png 150w, https:\/\/crystalonlineglobaleducation.com.ar\/blog\/wp-content\/uploads\/2024\/11\/TIFF-Taza-de-dos-manijas-24.4.21-50x50.png 50w, https:\/\/crystalonlineglobaleducation.com.ar\/blog\/wp-content\/uploads\/2024\/11\/TIFF-Taza-de-dos-manijas-24.4.21-80x80.png 80w\" data-sizes=\"(max-width: 150px) 100vw, 150px\" src=\"data:image\/svg+xml;base64,PHN2ZyB3aWR0aD0iMSIgaGVpZ2h0PSIxIiB4bWxucz0iaHR0cDovL3d3dy53My5vcmcvMjAwMC9zdmciPjwvc3ZnPg==\" \/><\/a><strong>Reserv\u00e1 tu lugar para<\/strong> <strong>entrenarte en la herramienta que mantiene al mundo comunicado dando click en la foto del logo COFFTEA<\/strong>.<\/p>\n\n\n\n<p><\/p>\n","protected":false},"excerpt":{"rendered":"<p>Est\u00e1s a un par de clicks para autosuperarte, pasar a otro nivel laboral, ser mejor hablante de Ingl\u00e9s y contactar con m\u00e1s seguridad a cualquier persona de cualquier parte del mundo! Reserv\u00e1 tu lugar para entrenarte en la herramienta que mantiene al mundo comunicado dando click en la foto del logo COFFTEA.<\/p>\n","protected":false},"author":2,"featured_media":0,"parent":0,"menu_order":0,"comment_status":"closed","ping_status":"closed","template":"","meta":{"footnotes":""},"class_list":["post-991","page","type-page","status-publish","hentry"],"_links":{"self":[{"href":"https:\/\/crystalonlineglobaleducation.com.ar\/blog\/wp-json\/wp\/v2\/pages\/991","targetHints":{"allow":["GET"]}}],"collection":[{"href":"https:\/\/crystalonlineglobaleducation.com.ar\/blog\/wp-json\/wp\/v2\/pages"}],"about":[{"href":"https:\/\/crystalonlineglobaleducation.com.ar\/blog\/wp-json\/wp\/v2\/types\/page"}],"author":[{"embeddable":true,"href":"https:\/\/crystalonlineglobaleducation.com.ar\/blog\/wp-json\/wp\/v2\/users\/2"}],"replies":[{"embeddable":true,"href":"https:\/\/crystalonlineglobaleducation.com.ar\/blog\/wp-json\/wp\/v2\/comments?post=991"}],"version-history":[{"count":0,"href":"https:\/\/crystalonlineglobaleducation.com.ar\/blog\/wp-json\/wp\/v2\/pages\/991\/revisions"}],"wp:attachment":[{"href":"https:\/\/crystalonlineglobaleducation.com.ar\/blog\/wp-json\/wp\/v2\/media?parent=991"}],"curies":[{"name":"wp","href":"https:\/\/api.w.org\/{rel}","templated":true}]}}