{"id":876,"date":"2021-04-26T16:07:10","date_gmt":"2021-04-26T19:07:10","guid":{"rendered":"https:\/\/paulaellasinger.com\/blog\/?page_id=876"},"modified":"2025-01-15T18:03:42","modified_gmt":"2025-01-15T21:03:42","slug":"ingles-actual-cofftea","status":"publish","type":"page","link":"https:\/\/crystalonlineglobaleducation.com.ar\/blog\/ingles-actual-cofftea\/","title":{"rendered":"COFFTEA: INGL\u00c9S ACTUAL"},"content":{"rendered":"<div class=\"wp-block-image\">\n<figure class=\"aligncenter size-large is-resized\"><img decoding=\"async\" width=\"150\" height=\"150\" data-src=\"https:\/\/paulaellasinger.com\/blog\/wp-content\/uploads\/2021\/04\/COFFTEA-Taza-de-dos-manijas-24.4.21.png\" alt=\"\" class=\"wp-image-880 lazyload\" style=\"--smush-placeholder-width: 150px; --smush-placeholder-aspect-ratio: 150\/150;width:198px;height:198px\" data-srcset=\"https:\/\/crystalonlineglobaleducation.com.ar\/blog\/wp-content\/uploads\/2021\/04\/COFFTEA-Taza-de-dos-manijas-24.4.21.png 150w, https:\/\/crystalonlineglobaleducation.com.ar\/blog\/wp-content\/uploads\/2021\/04\/COFFTEA-Taza-de-dos-manijas-24.4.21-50x50.png 50w, https:\/\/crystalonlineglobaleducation.com.ar\/blog\/wp-content\/uploads\/2021\/04\/COFFTEA-Taza-de-dos-manijas-24.4.21-80x80.png 80w\" data-sizes=\"(max-width: 150px) 100vw, 150px\" src=\"data:image\/svg+xml;base64,PHN2ZyB3aWR0aD0iMSIgaGVpZ2h0PSIxIiB4bWxucz0iaHR0cDovL3d3dy53My5vcmcvMjAwMC9zdmciPjwvc3ZnPg==\" \/><\/figure>\n<\/div>\n\n\n<p class=\"has-very-light-gray-color has-text-color has-background has-large-font-size\" style=\"background-color:#0e0d0d\"><strong>MISI\u00d3N<\/strong>:<\/p>\n\n\n\n<p class=\"has-background has-medium-font-size\" style=\"background-color:#f4d173\"> La meta en cada clase, taller y curso es lograr una <strong>comunicaci\u00f3n efectiva y natural siendo flexibles <\/strong>al momento de escuhar y hablar Ingl\u00e9s en un encuentro de ambos acentos Americano y Brit\u00e1nico (representado en el logo) que nos impacta desde la cotidianeidad actual del siglo XXI, mas real y global. <\/p>\n\n\n\n<p class=\"has-very-light-gray-color has-text-color has-background has-large-font-size\" style=\"background-color:#111111\"><strong>VISION<\/strong>:<\/p>\n\n\n\n<p class=\"has-luminous-vivid-amber-background-color has-background has-medium-font-size\"> Lograr que cientos de miles de personas de todas las edades encuentren en <strong>COFFTEA<\/strong> sus necesidades comunicacionales resueltas y satisfechas para moverse con soltura y naturalidad como hablante de Ingl\u00e9s ya sea en el \u00e1rea tur\u00edstica, empresarial, educativa, de negocios y liderazgo en cualquier parte del planeta.&nbsp;&nbsp;Traer un sitema online de ense\u00f1anza y aprendizaje pr\u00e1ctico y f\u00e1cil que los conecte.<\/p>\n\n\n\n<p class=\"has-very-light-gray-color has-text-color has-background has-large-font-size\" style=\"background-color:#151414\"><strong>VALORES:<\/strong><\/p>\n\n\n\n<p class=\"has-background has-medium-font-size\" style=\"background-color:#f4cd63\"> Hallar y manifestar en <strong>armon\u00eda<\/strong> todo lo que nos une en un idioma determinado sin discriminaci\u00f3n de acentos, dandole paso a la combinaci\u00f3n y asimilaci\u00f3n equilibrada de ambos: <strong>Americano y Britanico<\/strong>.&nbsp; <\/p>\n\n\n\n<p class=\"has-very-light-gray-color has-text-color has-background has-large-font-size\" style=\"background-color:#0e0d0d\"><strong>\u00bfPor qu\u00e9 COFFTEA es tu mejor opci\u00f3n NOW?<\/strong><\/p>\n\n\n\n<p class=\"has-background has-medium-font-size\" style=\"background-color:#f4cd63\">Antes de entrar en la explicaci\u00f3n de esta metodolog\u00eda para una conversaci\u00f3n y comunicaci\u00f3n oral real y actual en ingl\u00e9s, es fundamental entender que cualquier idioma est\u00e1 vivo y cambia todo el tiempo a lo largo de la historia. De acuerdo con esto, debemos reorganizar nuestros conceptos en nuestra mente sobre lo que es realmente eficiente y pr\u00e1ctico para ense\u00f1ar y aprender. <strong>COFFTEA<\/strong> no es solo una mera combinaci\u00f3n de palabras, es la idea global de hacer combinar los acentos siendo <strong>un sistema de ense\u00f1anza y aprendizaje del idioma ingl\u00e9s real <\/strong>para una mejor comunicaci\u00f3n. Estamos en tiempos de volver a unirnos con las culturas y derribar fronteras no solo f\u00edsicamente sino tambi\u00e9n mentalmente. <\/p>\n\n\n\n<p class=\"has-luminous-vivid-amber-background-color has-background has-medium-font-size\">En general, Estados Unidos Y el Reino Unido tienen habitantes multirraciales y visitantes multiculturales en sus territorios, as\u00ed que \u00bfpor qu\u00e9 algunas escuelas, instituciones dedicadas a ense\u00f1ar ingl\u00e9s e incluso algunas empresas buscan desesperadamente un acento americano o brit\u00e1nico puro? De hecho, enfatizo con <strong>COFFTEA<\/strong> que el reencuentro de sonidos y la combinaci\u00f3n de patrones son beneficiosamente posibles para lograr <strong>buenas relaciones y comunicaci\u00f3n en cualquier \u00e1rea<\/strong><\/p>\n\n\n\n<p class=\"has-background has-medium-font-size\" style=\"background-color:#f4cd63\">Adem\u00e1s, el tiempo que dediques a tomar una lecci\u00f3n con este sistema de ense\u00f1anza y aprendizaje de ingl\u00e9s, <strong>puede durar todo lo que decidas<\/strong>, tomando tu caf\u00e9 o t\u00e9 en cualquier momento del d\u00eda ya que tu curso est\u00e1 preparado para ajustarse a tus necesidades. Y no te preocupes por cu\u00e1nto va a durar; Cada practicante y\/o grupo toma su propio ritmo para completarlo. Siempre tendr\u00e1s un encuentro con tu profesor\/a a trav\u00e9s de una plataforma digital para la parte oral y de pronunciaci\u00f3n, repasar usos y expresiones y hacer preguntas, con una buena taza de <strong>Cofftea<\/strong>.<\/p>\n\n\n\n<p class=\"has-very-light-gray-color has-text-color has-background has-medium-font-size\" style=\"background-color:#0f0f0f\">No hay una supremac\u00eda de un acento sobre otro. La supremac\u00eda es una comunicaci\u00f3n eficiente y <strong>COFFTEA <\/strong>bastante sabe c\u00f3mo poner las cosas en marcha.<\/p>\n","protected":false},"excerpt":{"rendered":"<p>MISI\u00d3N: La meta en cada clase, taller y curso es lograr una comunicaci\u00f3n efectiva y natural siendo flexibles al momento de escuhar y hablar Ingl\u00e9s en un encuentro de ambos acentos Americano y Brit\u00e1nico (representado en el logo) que nos impacta desde la cotidianeidad actual del siglo XXI, mas real y global. VISION: Lograr que [&hellip;]<\/p>\n","protected":false},"author":2,"featured_media":848,"parent":0,"menu_order":0,"comment_status":"closed","ping_status":"closed","template":"","meta":{"footnotes":""},"class_list":["post-876","page","type-page","status-publish","has-post-thumbnail","hentry"],"_links":{"self":[{"href":"https:\/\/crystalonlineglobaleducation.com.ar\/blog\/wp-json\/wp\/v2\/pages\/876","targetHints":{"allow":["GET"]}}],"collection":[{"href":"https:\/\/crystalonlineglobaleducation.com.ar\/blog\/wp-json\/wp\/v2\/pages"}],"about":[{"href":"https:\/\/crystalonlineglobaleducation.com.ar\/blog\/wp-json\/wp\/v2\/types\/page"}],"author":[{"embeddable":true,"href":"https:\/\/crystalonlineglobaleducation.com.ar\/blog\/wp-json\/wp\/v2\/users\/2"}],"replies":[{"embeddable":true,"href":"https:\/\/crystalonlineglobaleducation.com.ar\/blog\/wp-json\/wp\/v2\/comments?post=876"}],"version-history":[{"count":0,"href":"https:\/\/crystalonlineglobaleducation.com.ar\/blog\/wp-json\/wp\/v2\/pages\/876\/revisions"}],"wp:featuredmedia":[{"embeddable":true,"href":"https:\/\/crystalonlineglobaleducation.com.ar\/blog\/wp-json\/wp\/v2\/media\/848"}],"wp:attachment":[{"href":"https:\/\/crystalonlineglobaleducation.com.ar\/blog\/wp-json\/wp\/v2\/media?parent=876"}],"curies":[{"name":"wp","href":"https:\/\/api.w.org\/{rel}","templated":true}]}}