{"id":715,"date":"2021-02-15T19:14:19","date_gmt":"2021-02-15T22:14:19","guid":{"rendered":"https:\/\/paulaellasinger.com\/blog\/?page_id=715"},"modified":"2025-01-15T17:44:53","modified_gmt":"2025-01-15T20:44:53","slug":"trayectoria-como-profesora","status":"publish","type":"page","link":"https:\/\/crystalonlineglobaleducation.com.ar\/blog\/trayectoria-como-profesora\/","title":{"rendered":"TRAYECTORIA COMO PROFESORA"},"content":{"rendered":"\n<p>(Cabe aclarar que mi nombre art\u00edstico es Paula Ella y mi nombre legal es Paula Mariela Caruso como se aprecia en las certificaciones)<\/p>\n\n\n\n<p class=\"has-cyan-bluish-gray-background-color has-background\">Finalizo mis estudios secundarios con orientaci\u00f3n docente en 1990 en Caseros, provincia de Buenos Aires.<\/p>\n\n\n\n<p class=\"has-very-light-gray-background-color has-background\">Curso mis estudios de Ingl\u00e9s desde 1990 a 1994 en el instituto Saint Thomas en la provincia de Buenos Aires.<\/p>\n\n\n\n<p class=\"has-cyan-bluish-gray-background-color has-background\">Me capacito como profesora de lengua inglesa desde 1997 al 2000 en la Fundaci\u00f3n Sant\u00edsima Trinidad en San Rafael, en la provincia de Mendoza.<\/p>\n\n\n\n<p class=\"has-very-light-gray-background-color has-background\">A la par de mis estudios, comienzo a trabajar como profesora de Ingl\u00e9s en 1998 en forma particular, en escuela Secundaria Privada, Estatales y en el instituto I. A. M. I. (Instituto Argentino Modelo de Ingl\u00e9s)<\/p>\n\n\n\n<p class=\"has-cyan-bluish-gray-background-color has-background\">Contin\u00fao trabajando en escuelas Estatales rurales, urbanas y urbano marginales y obtengo mi t\u00edtulo de Profesora de Lengua Inglesa en el a\u00f1o 2000. He trabajado ininterrumpidamente y formando parte del Staff del Centro Binacional SUR I.C.A.N.A : INTERCAMBIO CULTURAL ARGENTINO-NORTEAMERICANO SURE\u00d1O (del sur Mendocino) durante 9 a\u00f1os, que alcanza una trayectoria de 50 a\u00f1os en el 2018 en San Rafael, Mendoza, Argentina. <\/p>\n\n\n\n<p class=\"has-vivid-green-cyan-background-color has-background\">Actualmente estoy como rectora y profesora a cargo de mi propio centro de estudios de Ingl\u00e9s online <strong>CRYSTAL<\/strong> para estudiantes de todos los niveles a partir de 12 a\u00f1os, incluyendo preparaci\u00f3n de examenes internacionales para el trabajo como es el <strong>TOEIC<\/strong>. <\/p>\n\n\n\n<p class=\"has-pale-cyan-blue-background-color has-background\"><strong>Adjunto las certificaciones m\u00e1s relevantes como profesora de INGLES desde 1999 a la fecha de las siguientes especializaciones, cursos, seminarios y actualizaciones docentes:<\/strong><\/p>\n\n\n\n<div class=\"wp-block-group\"><div class=\"wp-block-group__inner-container is-layout-flow wp-block-group-is-layout-flow\">\n<div class=\"wp-block-group\"><div class=\"wp-block-group__inner-container is-layout-flow wp-block-group-is-layout-flow\">\n<div class=\"wp-block-group\"><div class=\"wp-block-group__inner-container is-layout-flow wp-block-group-is-layout-flow\">\n<div class=\"wp-block-group\"><div class=\"wp-block-group__inner-container is-layout-flow wp-block-group-is-layout-flow\"><div class=\"wp-block-image\">\n<figure class=\"aligncenter size-medium\"><img decoding=\"async\" width=\"300\" height=\"300\" data-src=\"https:\/\/paulaellasinger.com\/blog\/wp-content\/uploads\/2021\/03\/161650544546-300x300.png\" alt=\"\" class=\"wp-image-848 lazyload\" data-srcset=\"https:\/\/crystalonlineglobaleducation.com.ar\/blog\/wp-content\/uploads\/2021\/03\/161650544546-300x300.png 300w, https:\/\/crystalonlineglobaleducation.com.ar\/blog\/wp-content\/uploads\/2021\/03\/161650544546-150x150.png 150w, https:\/\/crystalonlineglobaleducation.com.ar\/blog\/wp-content\/uploads\/2021\/03\/161650544546-50x50.png 50w, https:\/\/crystalonlineglobaleducation.com.ar\/blog\/wp-content\/uploads\/2021\/03\/161650544546-80x80.png 80w, https:\/\/crystalonlineglobaleducation.com.ar\/blog\/wp-content\/uploads\/2021\/03\/161650544546.png 400w\" data-sizes=\"(max-width: 300px) 100vw, 300px\" src=\"data:image\/svg+xml;base64,PHN2ZyB3aWR0aD0iMSIgaGVpZ2h0PSIxIiB4bWxucz0iaHR0cDovL3d3dy53My5vcmcvMjAwMC9zdmciPjwvc3ZnPg==\" style=\"--smush-placeholder-width: 300px; --smush-placeholder-aspect-ratio: 300\/300;\" \/><\/figure>\n<\/div><\/div><\/div>\n<\/div><\/div>\n\n\n<div class=\"wp-block-image\">\n<figure class=\"aligncenter size-medium\"><img decoding=\"async\" width=\"300\" height=\"300\" data-src=\"https:\/\/paulaellasinger.com\/blog\/wp-content\/uploads\/2021\/03\/161650654492-300x300.png\" alt=\"\" class=\"wp-image-849 lazyload\" data-srcset=\"https:\/\/crystalonlineglobaleducation.com.ar\/blog\/wp-content\/uploads\/2021\/03\/161650654492-300x300.png 300w, https:\/\/crystalonlineglobaleducation.com.ar\/blog\/wp-content\/uploads\/2021\/03\/161650654492-150x150.png 150w, https:\/\/crystalonlineglobaleducation.com.ar\/blog\/wp-content\/uploads\/2021\/03\/161650654492-50x50.png 50w, https:\/\/crystalonlineglobaleducation.com.ar\/blog\/wp-content\/uploads\/2021\/03\/161650654492-80x80.png 80w, https:\/\/crystalonlineglobaleducation.com.ar\/blog\/wp-content\/uploads\/2021\/03\/161650654492.png 400w\" data-sizes=\"(max-width: 300px) 100vw, 300px\" src=\"data:image\/svg+xml;base64,PHN2ZyB3aWR0aD0iMSIgaGVpZ2h0PSIxIiB4bWxucz0iaHR0cDovL3d3dy53My5vcmcvMjAwMC9zdmciPjwvc3ZnPg==\" style=\"--smush-placeholder-width: 300px; --smush-placeholder-aspect-ratio: 300\/300;\" \/><\/figure>\n<\/div><\/div><\/div>\n\n\n<div class=\"wp-block-image\">\n<figure class=\"aligncenter size-medium\"><img decoding=\"async\" width=\"300\" height=\"300\" data-src=\"https:\/\/paulaellasinger.com\/blog\/wp-content\/uploads\/2021\/03\/161650657083-300x300.png\" alt=\"\" class=\"wp-image-850 lazyload\" data-srcset=\"https:\/\/crystalonlineglobaleducation.com.ar\/blog\/wp-content\/uploads\/2021\/03\/161650657083-300x300.png 300w, https:\/\/crystalonlineglobaleducation.com.ar\/blog\/wp-content\/uploads\/2021\/03\/161650657083-150x150.png 150w, https:\/\/crystalonlineglobaleducation.com.ar\/blog\/wp-content\/uploads\/2021\/03\/161650657083-50x50.png 50w, https:\/\/crystalonlineglobaleducation.com.ar\/blog\/wp-content\/uploads\/2021\/03\/161650657083-80x80.png 80w, https:\/\/crystalonlineglobaleducation.com.ar\/blog\/wp-content\/uploads\/2021\/03\/161650657083.png 400w\" data-sizes=\"(max-width: 300px) 100vw, 300px\" src=\"data:image\/svg+xml;base64,PHN2ZyB3aWR0aD0iMSIgaGVpZ2h0PSIxIiB4bWxucz0iaHR0cDovL3d3dy53My5vcmcvMjAwMC9zdmciPjwvc3ZnPg==\" style=\"--smush-placeholder-width: 300px; --smush-placeholder-aspect-ratio: 300\/300;\" \/><\/figure>\n<\/div>\n\n<div class=\"wp-block-image\">\n<figure class=\"aligncenter size-medium\"><img decoding=\"async\" width=\"300\" height=\"300\" data-src=\"https:\/\/paulaellasinger.com\/blog\/wp-content\/uploads\/2021\/03\/161650659558-300x300.png\" alt=\"\" class=\"wp-image-851 lazyload\" data-srcset=\"https:\/\/crystalonlineglobaleducation.com.ar\/blog\/wp-content\/uploads\/2021\/03\/161650659558-300x300.png 300w, https:\/\/crystalonlineglobaleducation.com.ar\/blog\/wp-content\/uploads\/2021\/03\/161650659558-150x150.png 150w, https:\/\/crystalonlineglobaleducation.com.ar\/blog\/wp-content\/uploads\/2021\/03\/161650659558-50x50.png 50w, https:\/\/crystalonlineglobaleducation.com.ar\/blog\/wp-content\/uploads\/2021\/03\/161650659558-80x80.png 80w, https:\/\/crystalonlineglobaleducation.com.ar\/blog\/wp-content\/uploads\/2021\/03\/161650659558.png 400w\" data-sizes=\"(max-width: 300px) 100vw, 300px\" src=\"data:image\/svg+xml;base64,PHN2ZyB3aWR0aD0iMSIgaGVpZ2h0PSIxIiB4bWxucz0iaHR0cDovL3d3dy53My5vcmcvMjAwMC9zdmciPjwvc3ZnPg==\" style=\"--smush-placeholder-width: 300px; --smush-placeholder-aspect-ratio: 300\/300;\" \/><\/figure>\n<\/div><\/div><\/div>\n\n\n<div class=\"wp-block-image\">\n<figure class=\"aligncenter size-large\"><img decoding=\"async\" width=\"527\" height=\"417\" data-src=\"https:\/\/paulaellasinger.com\/blog\/wp-content\/uploads\/2021\/03\/tesol-certificate.png\" alt=\"\" class=\"wp-image-855 lazyload\" data-srcset=\"https:\/\/crystalonlineglobaleducation.com.ar\/blog\/wp-content\/uploads\/2021\/03\/tesol-certificate.png 527w, https:\/\/crystalonlineglobaleducation.com.ar\/blog\/wp-content\/uploads\/2021\/03\/tesol-certificate-300x237.png 300w\" data-sizes=\"(max-width: 527px) 100vw, 527px\" src=\"data:image\/svg+xml;base64,PHN2ZyB3aWR0aD0iMSIgaGVpZ2h0PSIxIiB4bWxucz0iaHR0cDovL3d3dy53My5vcmcvMjAwMC9zdmciPjwvc3ZnPg==\" style=\"--smush-placeholder-width: 527px; --smush-placeholder-aspect-ratio: 527\/417;\" \/><\/figure>\n<\/div>\n\n\n<figure class=\"wp-block-gallery has-nested-images columns-default is-cropped wp-block-gallery-1 is-layout-flex wp-block-gallery-is-layout-flex\">\n<figure class=\"wp-block-image size-full\"><img decoding=\"async\" width=\"1210\" height=\"556\" data-id=\"852\" data-src=\"https:\/\/paulaellasinger.com\/blog\/wp-content\/uploads\/2021\/03\/description-course-tesol.png\" alt=\"\" class=\"wp-image-852 lazyload\" data-srcset=\"https:\/\/crystalonlineglobaleducation.com.ar\/blog\/wp-content\/uploads\/2021\/03\/description-course-tesol.png 1210w, https:\/\/crystalonlineglobaleducation.com.ar\/blog\/wp-content\/uploads\/2021\/03\/description-course-tesol-300x138.png 300w, https:\/\/crystalonlineglobaleducation.com.ar\/blog\/wp-content\/uploads\/2021\/03\/description-course-tesol-1024x471.png 1024w, https:\/\/crystalonlineglobaleducation.com.ar\/blog\/wp-content\/uploads\/2021\/03\/description-course-tesol-768x353.png 768w\" data-sizes=\"(max-width: 1210px) 100vw, 1210px\" src=\"data:image\/svg+xml;base64,PHN2ZyB3aWR0aD0iMSIgaGVpZ2h0PSIxIiB4bWxucz0iaHR0cDovL3d3dy53My5vcmcvMjAwMC9zdmciPjwvc3ZnPg==\" style=\"--smush-placeholder-width: 1210px; --smush-placeholder-aspect-ratio: 1210\/556;\" \/><figcaption class=\"wp-element-caption\"><strong><a href=\"https:\/\/credentials.tesol.org\/profile\/paulamarielacaruso36790\/wallet#gs.wdrsfb\">Total 200hs reloj de los cursos Internacionales de TESOL<\/a><\/strong><br><\/figcaption><\/figure>\n<\/figure>\n\n\n<div class=\"wp-block-image\">\n<figure class=\"aligncenter size-medium\"><a href=\"https:\/\/crystalonlineglobaleducation.com.ar\/blog\/wp-content\/uploads\/2025\/01\/WhatsApp-Image-2025-01-15-at-17.35.34-scaled.jpeg\"><img decoding=\"async\" width=\"300\" height=\"217\" data-src=\"https:\/\/crystalonlineglobaleducation.com.ar\/blog\/wp-content\/uploads\/2025\/01\/WhatsApp-Image-2025-01-15-at-17.35.34-300x217.jpeg\" alt=\"\" class=\"wp-image-1029 lazyload\" data-srcset=\"https:\/\/crystalonlineglobaleducation.com.ar\/blog\/wp-content\/uploads\/2025\/01\/WhatsApp-Image-2025-01-15-at-17.35.34-300x217.jpeg 300w, https:\/\/crystalonlineglobaleducation.com.ar\/blog\/wp-content\/uploads\/2025\/01\/WhatsApp-Image-2025-01-15-at-17.35.34-1024x742.jpeg 1024w, https:\/\/crystalonlineglobaleducation.com.ar\/blog\/wp-content\/uploads\/2025\/01\/WhatsApp-Image-2025-01-15-at-17.35.34-768x557.jpeg 768w, https:\/\/crystalonlineglobaleducation.com.ar\/blog\/wp-content\/uploads\/2025\/01\/WhatsApp-Image-2025-01-15-at-17.35.34-1536x1113.jpeg 1536w, https:\/\/crystalonlineglobaleducation.com.ar\/blog\/wp-content\/uploads\/2025\/01\/WhatsApp-Image-2025-01-15-at-17.35.34-2048x1484.jpeg 2048w\" data-sizes=\"(max-width: 300px) 100vw, 300px\" src=\"data:image\/svg+xml;base64,PHN2ZyB3aWR0aD0iMSIgaGVpZ2h0PSIxIiB4bWxucz0iaHR0cDovL3d3dy53My5vcmcvMjAwMC9zdmciPjwvc3ZnPg==\" style=\"--smush-placeholder-width: 300px; --smush-placeholder-aspect-ratio: 300\/217;\" \/><\/a><\/figure>\n<\/div>\n\n\n<div class=\"wp-block-columns is-layout-flex wp-container-core-columns-is-layout-9d6595d7 wp-block-columns-is-layout-flex\">\n<div class=\"wp-block-column is-layout-flow wp-block-column-is-layout-flow\" style=\"flex-basis:100%\">\n<div class=\"wp-block-group\"><div class=\"wp-block-group__inner-container is-layout-constrained wp-block-group-is-layout-constrained\"><div class=\"wp-block-image\">\n<figure class=\"aligncenter size-full is-resized\"><a href=\"https:\/\/paulaellasinger.com\/blog\/wp-content\/uploads\/2024\/08\/asu-certificado-1.jpg\"><img decoding=\"async\" width=\"338\" height=\"247\" data-src=\"https:\/\/paulaellasinger.com\/blog\/wp-content\/uploads\/2024\/08\/asu-certificado-1.jpg\" alt=\"\" class=\"wp-image-934 lazyload\" style=\"--smush-placeholder-width: 338px; --smush-placeholder-aspect-ratio: 338\/247;aspect-ratio:3\/2;object-fit:cover;width:338px;height:auto\" data-srcset=\"https:\/\/crystalonlineglobaleducation.com.ar\/blog\/wp-content\/uploads\/2024\/08\/asu-certificado-1.jpg 338w, https:\/\/crystalonlineglobaleducation.com.ar\/blog\/wp-content\/uploads\/2024\/08\/asu-certificado-1-300x219.jpg 300w\" data-sizes=\"(max-width: 338px) 100vw, 338px\" src=\"data:image\/svg+xml;base64,PHN2ZyB3aWR0aD0iMSIgaGVpZ2h0PSIxIiB4bWxucz0iaHR0cDovL3d3dy53My5vcmcvMjAwMC9zdmciPjwvc3ZnPg==\" \/><\/a><\/figure>\n<\/div>\n\n\n<p><strong>Participant<\/strong>:&nbsp;Paula Mariela Caruso<br><strong>Course:&nbsp;<\/strong>Creating and Implementing Online Courses<br><strong>Course Provider:&nbsp;<\/strong>Arizona State University<br><strong>Section:&nbsp;<\/strong>CIOC-1-2<br><strong>Course Duration:<\/strong>&nbsp;64 hours<br><strong>Term Dates:&nbsp;<\/strong>January 9, 2024&nbsp;\u2013 March&nbsp;4, 2024<br><strong>Final Grade:<\/strong>&nbsp;99.70%<br><strong>Final Grade Status:<\/strong>&nbsp;pass<br><strong>Certificate Type:<\/strong>&nbsp;certificate<\/p>\n<\/div><\/div>\n<\/div>\n<\/div>\n\n\n<div class=\"wp-block-image\">\n<figure class=\"aligncenter size-large\"><img decoding=\"async\" width=\"1024\" height=\"718\" data-src=\"https:\/\/paulaellasinger.com\/blog\/wp-content\/uploads\/2021\/02\/mesa_20210130-1024x718.jpg\" alt=\"\" class=\"wp-image-820 lazyload\" style=\"--smush-placeholder-width: 1024px; --smush-placeholder-aspect-ratio: 1024\/718;aspect-ratio:3\/2;object-fit:cover\" data-srcset=\"https:\/\/crystalonlineglobaleducation.com.ar\/blog\/wp-content\/uploads\/2021\/02\/mesa_20210130-1024x718.jpg 1024w, https:\/\/crystalonlineglobaleducation.com.ar\/blog\/wp-content\/uploads\/2021\/02\/mesa_20210130-300x210.jpg 300w, https:\/\/crystalonlineglobaleducation.com.ar\/blog\/wp-content\/uploads\/2021\/02\/mesa_20210130-768x538.jpg 768w, https:\/\/crystalonlineglobaleducation.com.ar\/blog\/wp-content\/uploads\/2021\/02\/mesa_20210130-1536x1077.jpg 1536w, https:\/\/crystalonlineglobaleducation.com.ar\/blog\/wp-content\/uploads\/2021\/02\/mesa_20210130-2048x1435.jpg 2048w\" data-sizes=\"(max-width: 1024px) 100vw, 1024px\" src=\"data:image\/svg+xml;base64,PHN2ZyB3aWR0aD0iMSIgaGVpZ2h0PSIxIiB4bWxucz0iaHR0cDovL3d3dy53My5vcmcvMjAwMC9zdmciPjwvc3ZnPg==\" \/><\/figure>\n<\/div>\n\n<div class=\"wp-block-image\">\n<figure class=\"aligncenter size-large\"><img decoding=\"async\" width=\"1024\" height=\"718\" data-src=\"https:\/\/paulaellasinger.com\/blog\/wp-content\/uploads\/2021\/02\/mesa_2021013016-1-1024x718.jpg\" alt=\"\" class=\"wp-image-822 lazyload\" data-srcset=\"https:\/\/crystalonlineglobaleducation.com.ar\/blog\/wp-content\/uploads\/2021\/02\/mesa_2021013016-1-1024x718.jpg 1024w, https:\/\/crystalonlineglobaleducation.com.ar\/blog\/wp-content\/uploads\/2021\/02\/mesa_2021013016-1-300x210.jpg 300w, https:\/\/crystalonlineglobaleducation.com.ar\/blog\/wp-content\/uploads\/2021\/02\/mesa_2021013016-1-768x538.jpg 768w, https:\/\/crystalonlineglobaleducation.com.ar\/blog\/wp-content\/uploads\/2021\/02\/mesa_2021013016-1-1536x1077.jpg 1536w, https:\/\/crystalonlineglobaleducation.com.ar\/blog\/wp-content\/uploads\/2021\/02\/mesa_2021013016-1-2048x1435.jpg 2048w\" data-sizes=\"(max-width: 1024px) 100vw, 1024px\" src=\"data:image\/svg+xml;base64,PHN2ZyB3aWR0aD0iMSIgaGVpZ2h0PSIxIiB4bWxucz0iaHR0cDovL3d3dy53My5vcmcvMjAwMC9zdmciPjwvc3ZnPg==\" style=\"--smush-placeholder-width: 1024px; --smush-placeholder-aspect-ratio: 1024\/718;\" \/><\/figure>\n<\/div>\n\n\n<figure class=\"wp-block-image size-large\"><a href=\"https:\/\/crystalonlineglobaleducation.com.ar\/blog\/wp-content\/uploads\/2025\/01\/WhatsApp-Image-2025-01-15-at-17.36.33-scaled.jpeg\"><img decoding=\"async\" width=\"1024\" height=\"768\" data-src=\"https:\/\/crystalonlineglobaleducation.com.ar\/blog\/wp-content\/uploads\/2025\/01\/WhatsApp-Image-2025-01-15-at-17.36.33-1024x768.jpeg\" alt=\"\" class=\"wp-image-1032 lazyload\" data-srcset=\"https:\/\/crystalonlineglobaleducation.com.ar\/blog\/wp-content\/uploads\/2025\/01\/WhatsApp-Image-2025-01-15-at-17.36.33-1024x768.jpeg 1024w, https:\/\/crystalonlineglobaleducation.com.ar\/blog\/wp-content\/uploads\/2025\/01\/WhatsApp-Image-2025-01-15-at-17.36.33-300x225.jpeg 300w, https:\/\/crystalonlineglobaleducation.com.ar\/blog\/wp-content\/uploads\/2025\/01\/WhatsApp-Image-2025-01-15-at-17.36.33-768x576.jpeg 768w, https:\/\/crystalonlineglobaleducation.com.ar\/blog\/wp-content\/uploads\/2025\/01\/WhatsApp-Image-2025-01-15-at-17.36.33-1536x1152.jpeg 1536w, https:\/\/crystalonlineglobaleducation.com.ar\/blog\/wp-content\/uploads\/2025\/01\/WhatsApp-Image-2025-01-15-at-17.36.33-2048x1536.jpeg 2048w, https:\/\/crystalonlineglobaleducation.com.ar\/blog\/wp-content\/uploads\/2025\/01\/WhatsApp-Image-2025-01-15-at-17.36.33-400x300.jpeg 400w\" data-sizes=\"(max-width: 1024px) 100vw, 1024px\" src=\"data:image\/svg+xml;base64,PHN2ZyB3aWR0aD0iMSIgaGVpZ2h0PSIxIiB4bWxucz0iaHR0cDovL3d3dy53My5vcmcvMjAwMC9zdmciPjwvc3ZnPg==\" style=\"--smush-placeholder-width: 1024px; --smush-placeholder-aspect-ratio: 1024\/768;\" \/><\/a><\/figure>\n\n\n\n<figure class=\"wp-block-image size-large\"><a href=\"https:\/\/crystalonlineglobaleducation.com.ar\/blog\/wp-content\/uploads\/2025\/01\/WhatsApp-Image-2025-01-15-at-17.36.02-scaled.jpeg\"><img decoding=\"async\" width=\"1024\" height=\"723\" data-src=\"https:\/\/crystalonlineglobaleducation.com.ar\/blog\/wp-content\/uploads\/2025\/01\/WhatsApp-Image-2025-01-15-at-17.36.02-1024x723.jpeg\" alt=\"\" class=\"wp-image-1033 lazyload\" data-srcset=\"https:\/\/crystalonlineglobaleducation.com.ar\/blog\/wp-content\/uploads\/2025\/01\/WhatsApp-Image-2025-01-15-at-17.36.02-1024x723.jpeg 1024w, https:\/\/crystalonlineglobaleducation.com.ar\/blog\/wp-content\/uploads\/2025\/01\/WhatsApp-Image-2025-01-15-at-17.36.02-300x212.jpeg 300w, https:\/\/crystalonlineglobaleducation.com.ar\/blog\/wp-content\/uploads\/2025\/01\/WhatsApp-Image-2025-01-15-at-17.36.02-768x542.jpeg 768w, https:\/\/crystalonlineglobaleducation.com.ar\/blog\/wp-content\/uploads\/2025\/01\/WhatsApp-Image-2025-01-15-at-17.36.02-1536x1085.jpeg 1536w, https:\/\/crystalonlineglobaleducation.com.ar\/blog\/wp-content\/uploads\/2025\/01\/WhatsApp-Image-2025-01-15-at-17.36.02-2048x1446.jpeg 2048w\" data-sizes=\"(max-width: 1024px) 100vw, 1024px\" src=\"data:image\/svg+xml;base64,PHN2ZyB3aWR0aD0iMSIgaGVpZ2h0PSIxIiB4bWxucz0iaHR0cDovL3d3dy53My5vcmcvMjAwMC9zdmciPjwvc3ZnPg==\" style=\"--smush-placeholder-width: 1024px; --smush-placeholder-aspect-ratio: 1024\/723;\" \/><\/a><\/figure>\n\n\n\n<figure class=\"wp-block-image size-large\"><img decoding=\"async\" width=\"1024\" height=\"718\" data-src=\"https:\/\/paulaellasinger.com\/blog\/wp-content\/uploads\/2021\/02\/mesa_2021013010-1024x718.jpg\" alt=\"\" class=\"wp-image-826 lazyload\" data-srcset=\"https:\/\/crystalonlineglobaleducation.com.ar\/blog\/wp-content\/uploads\/2021\/02\/mesa_2021013010-1024x718.jpg 1024w, https:\/\/crystalonlineglobaleducation.com.ar\/blog\/wp-content\/uploads\/2021\/02\/mesa_2021013010-300x210.jpg 300w, https:\/\/crystalonlineglobaleducation.com.ar\/blog\/wp-content\/uploads\/2021\/02\/mesa_2021013010-768x538.jpg 768w, https:\/\/crystalonlineglobaleducation.com.ar\/blog\/wp-content\/uploads\/2021\/02\/mesa_2021013010-1536x1077.jpg 1536w, https:\/\/crystalonlineglobaleducation.com.ar\/blog\/wp-content\/uploads\/2021\/02\/mesa_2021013010-2048x1435.jpg 2048w\" data-sizes=\"(max-width: 1024px) 100vw, 1024px\" src=\"data:image\/svg+xml;base64,PHN2ZyB3aWR0aD0iMSIgaGVpZ2h0PSIxIiB4bWxucz0iaHR0cDovL3d3dy53My5vcmcvMjAwMC9zdmciPjwvc3ZnPg==\" style=\"--smush-placeholder-width: 1024px; --smush-placeholder-aspect-ratio: 1024\/718;\" \/><\/figure>\n\n\n<div class=\"wp-block-image\">\n<figure class=\"aligncenter size-large\"><img decoding=\"async\" width=\"1024\" height=\"718\" data-src=\"https:\/\/paulaellasinger.com\/blog\/wp-content\/uploads\/2021\/02\/mesa_202101309-1024x718.jpg\" alt=\"\" class=\"wp-image-823 lazyload\" data-srcset=\"https:\/\/crystalonlineglobaleducation.com.ar\/blog\/wp-content\/uploads\/2021\/02\/mesa_202101309-1024x718.jpg 1024w, https:\/\/crystalonlineglobaleducation.com.ar\/blog\/wp-content\/uploads\/2021\/02\/mesa_202101309-300x210.jpg 300w, https:\/\/crystalonlineglobaleducation.com.ar\/blog\/wp-content\/uploads\/2021\/02\/mesa_202101309-768x538.jpg 768w, https:\/\/crystalonlineglobaleducation.com.ar\/blog\/wp-content\/uploads\/2021\/02\/mesa_202101309-1536x1077.jpg 1536w, https:\/\/crystalonlineglobaleducation.com.ar\/blog\/wp-content\/uploads\/2021\/02\/mesa_202101309-2048x1435.jpg 2048w\" data-sizes=\"(max-width: 1024px) 100vw, 1024px\" src=\"data:image\/svg+xml;base64,PHN2ZyB3aWR0aD0iMSIgaGVpZ2h0PSIxIiB4bWxucz0iaHR0cDovL3d3dy53My5vcmcvMjAwMC9zdmciPjwvc3ZnPg==\" style=\"--smush-placeholder-width: 1024px; --smush-placeholder-aspect-ratio: 1024\/718;\" \/><\/figure>\n<\/div>\n\n\n<p><\/p>\n","protected":false},"excerpt":{"rendered":"<p>(Cabe aclarar que mi nombre art\u00edstico es Paula Ella y mi nombre legal es Paula Mariela Caruso como se aprecia en las certificaciones) Finalizo mis estudios secundarios con orientaci\u00f3n docente en 1990 en Caseros, provincia de Buenos Aires. Curso mis estudios de Ingl\u00e9s desde 1990 a 1994 en el instituto Saint Thomas en la provincia [&hellip;]<\/p>\n","protected":false},"author":2,"featured_media":0,"parent":0,"menu_order":0,"comment_status":"closed","ping_status":"closed","template":"","meta":{"footnotes":""},"class_list":["post-715","page","type-page","status-publish","hentry"],"_links":{"self":[{"href":"https:\/\/crystalonlineglobaleducation.com.ar\/blog\/wp-json\/wp\/v2\/pages\/715","targetHints":{"allow":["GET"]}}],"collection":[{"href":"https:\/\/crystalonlineglobaleducation.com.ar\/blog\/wp-json\/wp\/v2\/pages"}],"about":[{"href":"https:\/\/crystalonlineglobaleducation.com.ar\/blog\/wp-json\/wp\/v2\/types\/page"}],"author":[{"embeddable":true,"href":"https:\/\/crystalonlineglobaleducation.com.ar\/blog\/wp-json\/wp\/v2\/users\/2"}],"replies":[{"embeddable":true,"href":"https:\/\/crystalonlineglobaleducation.com.ar\/blog\/wp-json\/wp\/v2\/comments?post=715"}],"version-history":[{"count":0,"href":"https:\/\/crystalonlineglobaleducation.com.ar\/blog\/wp-json\/wp\/v2\/pages\/715\/revisions"}],"wp:attachment":[{"href":"https:\/\/crystalonlineglobaleducation.com.ar\/blog\/wp-json\/wp\/v2\/media?parent=715"}],"curies":[{"name":"wp","href":"https:\/\/api.w.org\/{rel}","templated":true}]}}