{"id":187,"date":"2024-12-28T23:03:36","date_gmt":"2024-12-29T02:03:36","guid":{"rendered":"https:\/\/paulaellasinger.com\/blog\/home\/"},"modified":"2025-11-17T19:47:44","modified_gmt":"2025-11-17T22:47:44","slug":"home","status":"publish","type":"page","link":"https:\/\/crystalonlineglobaleducation.com.ar\/blog\/home\/","title":{"rendered":"TRAYECTORIA ART\u00cdSTICA"},"content":{"rendered":"\n<p class=\"has-vivid-cyan-blue-color has-very-dark-gray-background-color has-text-color has-background\"><strong>Entre juegos, bailes y series de televisi\u00f3n comenc\u00e9 a cantar en las reuniones familiares a mis 5 a\u00f1os. Recuerdo muy bien que lo que mas me pedian era ABBA y RAFAELA CARR\u00c1 con movimiento de cabeza inclu\u00eddo. Durante la escuela secundaria le cantaba a mis profesores y compa\u00f1eras. A los 15 empec\u00e9 a escribir y componer canciones. Pero reci\u00e9n a los 20 a\u00f1os comenc\u00e9 a hacerlo en p\u00fablico durante 2 a\u00f1os en el CANTOBAR GIUSEPPE de Olivos en Buenos Aires.<\/strong><\/p>\n\n\n\n<p class=\"has-vivid-purple-color has-very-dark-gray-background-color has-text-color has-background\"><strong>Comenc\u00e9 mis estudios de profesorado de Canto y Piano en el conservatorio de San Mart\u00edn<\/strong>. <strong>Despu\u00e9s de un a\u00f1o tuve que mudarme a San Rafael, Mendoza y no pude continuar mis estudios musicales hasta el 2009. Previo a esto pude recibirme de Profesora de Ingl\u00e9s y entre los a\u00f1os 2004 y 2009 s\u00f3lo cantaba en actos escolares, fiestas de egresados y actos de colaci\u00f3n. <\/strong><\/p>\n\n\n\n<div class=\"wp-block-group\"><div class=\"wp-block-group__inner-container is-layout-flow wp-block-group-is-layout-flow\">\n<p class=\"has-pale-pink-color has-very-dark-gray-background-color has-text-color has-background\"><strong>A partir del 2010, ya en el profesorado de m\u00fasica, realic\u00e9 las siguientes presentaciones:<\/strong><\/p>\n\n\n\n<figure class=\"wp-block-image size-full\"><a href=\"https:\/\/crystalonlineglobaleducation.com.ar\/blog\/wp-content\/uploads\/2020\/02\/champag\u00f1era-foto-aerea-blog.jpg\"><img decoding=\"async\" width=\"920\" height=\"960\" data-src=\"https:\/\/crystalonlineglobaleducation.com.ar\/blog\/wp-content\/uploads\/2020\/02\/champag\u00f1era-foto-aerea-blog.jpg\" alt=\"\" class=\"wp-image-277 lazyload\" data-srcset=\"https:\/\/crystalonlineglobaleducation.com.ar\/blog\/wp-content\/uploads\/2020\/02\/champag\u00f1era-foto-aerea-blog.jpg 920w, https:\/\/crystalonlineglobaleducation.com.ar\/blog\/wp-content\/uploads\/2020\/02\/champag\u00f1era-foto-aerea-blog-288x300.jpg 288w, https:\/\/crystalonlineglobaleducation.com.ar\/blog\/wp-content\/uploads\/2020\/02\/champag\u00f1era-foto-aerea-blog-768x801.jpg 768w\" data-sizes=\"(max-width: 920px) 100vw, 920px\" src=\"data:image\/svg+xml;base64,PHN2ZyB3aWR0aD0iMSIgaGVpZ2h0PSIxIiB4bWxucz0iaHR0cDovL3d3dy53My5vcmcvMjAwMC9zdmciPjwvc3ZnPg==\" style=\"--smush-placeholder-width: 920px; --smush-placeholder-aspect-ratio: 920\/960;\" \/><\/a><\/figure>\n\n\n\n<div class=\"wp-block-group has-pale-cyan-blue-background-color has-background\"><div class=\"wp-block-group__inner-container is-layout-flow wp-block-group-is-layout-flow\">\n<ol class=\"wp-block-list\">\n<li><strong> Cierre del evento como solista &#8211; Fiesta de altas de ALDA (Asociaci\u00f3n Lucha contra Des\u00f3rdenes alimentarios) &#8211; 2010<\/strong><\/li>\n\n\n\n<li><strong>Adaptaci\u00f3n de mi autor\u00eda de una obra de Bach a Tango como solista acompa\u00f1ada por la licenciada Yn\u00e9s Batura en piano &#8211; Semana de las Artes en el Profesorado De Arte &#8211; 2010<\/strong><\/li>\n\n\n\n<li><strong>Presentaci\u00f3n con el coro San Rafael del Diamante en la cuerda Soprano en los Festivales Marta Ueltschi en el Teatro Roma &#8211; 2012 y 2013<\/strong><\/li>\n\n\n\n<li><strong>Presentaci\u00f3n con el Coro San Rafael del Diamante en la cuerda Soprano en Las cantatas Navide\u00f1as en San Rafael y General Alvear &#8211; 2011 y 2012<\/strong><\/li>\n\n\n\n<li> <strong> Presentaci\u00f3n con el coro San Rafael del Diamante en la cuerda Soprano en <\/strong> <strong>CANTAPUEBLO<\/strong>, <strong>FIESTA DE LAS AMERICAS<\/strong> <strong>&#8211; 2012 <\/strong><\/li>\n\n\n\n<li><strong>Presentaci\u00f3n con el coro San Rafael del Diamante en la cuerda Soprano de la NOVENA SINFON\u00cdA DE BEETHOVEN en los teatros de San Carlos, San Rafael y en la Champag\u00f1era Valent\u00edn Bianchi de la Provincia de Mendoza. &#8211; 2012 y 2013<\/strong><\/li>\n\n\n\n<li><strong> Presentaci\u00f3n con el coro San Rafael del Diamante en la cuerda Soprano en Hotel Nitra II en Valle Grande con motivo de encuentro Astron\u00f3mico para observaci\u00f3n del cielo nocturno. &#8211; 2014<\/strong><\/li>\n\n\n\n<li><strong>Se acompa\u00f1aron celebraciones de matrimonios con el mismo Coro en la Catedral San Rafael. &#8211; 2013<\/strong><\/li>\n\n\n\n<li><strong>Misa Criolla de Ariel Ramirez con el mismo Coro en varias celebraciones &#8211; 2013 y 2014<\/strong><\/li>\n\n\n\n<li><strong> Grabaci\u00f3n y lanzamiento de mi primer video profesional &#8221; You&#8217;re my inspiration&#8221; en mi canal de YOUTUBE PAULA ELLA &#8211; 2014 <\/strong><\/li>\n\n\n\n<li><strong>Presentaci\u00f3n como solista con temas propios en la biblioteca popular Francisco Pe\u00f1asco con motivo de 89\u00ba aniversario. &#8211; 2015<\/strong><\/li>\n\n\n\n<li><strong>  Presentaci\u00f3n Coral como directora con el grupo adolescente de Access del centro Binacional SURICANA &#8211; 2015 <\/strong><\/li>\n\n\n\n<li><strong>Presentaci\u00f3n en la UnCuyo en el acto de colaci\u00f3n como solista &#8211; 2015 <\/strong><\/li>\n\n\n\n<li><strong>Presentaci\u00f3n como solista en festival de Verano de SIPEA ADULTOS en plaza Francia de San Rafael &#8211; 2016<\/strong><\/li>\n\n\n\n<li><strong>Grabaci\u00f3n y lanzamiento de mi segundo video profesional &#8220;Una Luz&#8221; en mi canal tambi\u00e9n &#8211; 2016<\/strong><\/li>\n\n\n\n<li><strong>Canto a cappella del himno Nacional Argentino en varias escuelas,<\/strong> <strong>centro binacional SURICANA en el teatro Roma y en el Centro de Congresos y Exposiciones. Desde 2014 hasta 2018.<\/strong><\/li>\n\n\n\n<li><strong>Canto con acompa\u00f1amiento de piano del himno de Estados Unidos en el centro binacional SURICANA. &#8211; 2019<\/strong><\/li>\n\n\n\n<li><strong>Participaci\u00f3n como solista en el Concurso La Oficina Canto Bar. &#8211; 2018<\/strong><\/li>\n\n\n\n<li><strong> Presentaciones de shows en vivo en Casino Tower, Restaurante Los Puentes y San Telmo Bar y caf\u00e9. Entre 2018 y 2020 <\/strong><\/li>\n\n\n\n<li><strong>Participaci\u00f3n en el d\u00fao Kairos en varias presentaciones de festivales en la Feria La Soberana en la antigua estaci\u00f3n de tren de San Rafael, en ferias artesanales de plaza Francia, Espa\u00f1a y Rama ca\u00edda. Entre 2022 y 2023.<\/strong><\/li>\n\n\n\n<li><strong>Como profesora de ingl\u00e9s tengo una trayectoria de m\u00e1s de 25 a\u00f1os en instituciones p\u00fablicas y privadas y como profesora de canto particular y grupal, una experiencia de 14 a\u00f1os.<\/strong><\/li>\n\n\n\n<li><strong>Como compositora llevo escritas m\u00e1s de 70 canciones y actualmente trabajo en la edici\u00f3n y arreglos de mi primer CD.<\/strong><\/li>\n<\/ol>\n<\/div><\/div>\n\n\n\n<div class=\"wp-block-group\"><div class=\"wp-block-group__inner-container is-layout-constrained wp-block-group-is-layout-constrained\">\n<figure class=\"wp-block-gallery has-nested-images columns-default is-cropped wp-block-gallery-1 is-layout-flex wp-block-gallery-is-layout-flex\">\n<figure class=\"wp-block-image size-large\"><a href=\"https:\/\/crystalonlineglobaleducation.com.ar\/blog\/wp-content\/uploads\/2025\/11\/roma-madonna.jpg\"><img decoding=\"async\" width=\"960\" height=\"637\" data-id=\"1090\" data-src=\"https:\/\/crystalonlineglobaleducation.com.ar\/blog\/wp-content\/uploads\/2025\/11\/roma-madonna.jpg\" alt=\"\" class=\"wp-image-1090 lazyload\" data-srcset=\"https:\/\/crystalonlineglobaleducation.com.ar\/blog\/wp-content\/uploads\/2025\/11\/roma-madonna.jpg 960w, https:\/\/crystalonlineglobaleducation.com.ar\/blog\/wp-content\/uploads\/2025\/11\/roma-madonna-300x199.jpg 300w, https:\/\/crystalonlineglobaleducation.com.ar\/blog\/wp-content\/uploads\/2025\/11\/roma-madonna-768x510.jpg 768w\" data-sizes=\"(max-width: 960px) 100vw, 960px\" src=\"data:image\/svg+xml;base64,PHN2ZyB3aWR0aD0iMSIgaGVpZ2h0PSIxIiB4bWxucz0iaHR0cDovL3d3dy53My5vcmcvMjAwMC9zdmciPjwvc3ZnPg==\" style=\"--smush-placeholder-width: 960px; --smush-placeholder-aspect-ratio: 960\/637;\" \/><\/a><\/figure>\n<\/figure>\n\n\n\n<figure class=\"wp-block-image size-full\"><a href=\"https:\/\/crystalonlineglobaleducation.com.ar\/blog\/wp-content\/uploads\/2025\/11\/cover-hello.jpg\"><img decoding=\"async\" width=\"540\" height=\"540\" data-src=\"https:\/\/crystalonlineglobaleducation.com.ar\/blog\/wp-content\/uploads\/2025\/11\/cover-hello.jpg\" alt=\"\" class=\"wp-image-1091 lazyload\" data-srcset=\"https:\/\/crystalonlineglobaleducation.com.ar\/blog\/wp-content\/uploads\/2025\/11\/cover-hello.jpg 540w, https:\/\/crystalonlineglobaleducation.com.ar\/blog\/wp-content\/uploads\/2025\/11\/cover-hello-300x300.jpg 300w, https:\/\/crystalonlineglobaleducation.com.ar\/blog\/wp-content\/uploads\/2025\/11\/cover-hello-150x150.jpg 150w, https:\/\/crystalonlineglobaleducation.com.ar\/blog\/wp-content\/uploads\/2025\/11\/cover-hello-50x50.jpg 50w, https:\/\/crystalonlineglobaleducation.com.ar\/blog\/wp-content\/uploads\/2025\/11\/cover-hello-80x80.jpg 80w\" data-sizes=\"(max-width: 540px) 100vw, 540px\" src=\"data:image\/svg+xml;base64,PHN2ZyB3aWR0aD0iMSIgaGVpZ2h0PSIxIiB4bWxucz0iaHR0cDovL3d3dy53My5vcmcvMjAwMC9zdmciPjwvc3ZnPg==\" style=\"--smush-placeholder-width: 540px; --smush-placeholder-aspect-ratio: 540\/540;\" \/><\/a><\/figure>\n\n\n\n<figure class=\"wp-block-image size-full\"><a href=\"https:\/\/crystalonlineglobaleducation.com.ar\/blog\/wp-content\/uploads\/2020\/01\/MARTA-WELSCHI.jpg\"><img decoding=\"async\" width=\"960\" height=\"717\" data-src=\"https:\/\/crystalonlineglobaleducation.com.ar\/blog\/wp-content\/uploads\/2020\/01\/MARTA-WELSCHI.jpg\" alt=\"\" class=\"wp-image-155 lazyload\" data-srcset=\"https:\/\/crystalonlineglobaleducation.com.ar\/blog\/wp-content\/uploads\/2020\/01\/MARTA-WELSCHI.jpg 960w, https:\/\/crystalonlineglobaleducation.com.ar\/blog\/wp-content\/uploads\/2020\/01\/MARTA-WELSCHI-300x224.jpg 300w, https:\/\/crystalonlineglobaleducation.com.ar\/blog\/wp-content\/uploads\/2020\/01\/MARTA-WELSCHI-768x574.jpg 768w\" data-sizes=\"(max-width: 960px) 100vw, 960px\" src=\"data:image\/svg+xml;base64,PHN2ZyB3aWR0aD0iMSIgaGVpZ2h0PSIxIiB4bWxucz0iaHR0cDovL3d3dy53My5vcmcvMjAwMC9zdmciPjwvc3ZnPg==\" style=\"--smush-placeholder-width: 960px; --smush-placeholder-aspect-ratio: 960\/717;\" \/><\/a><\/figure>\n<\/div><\/div>\n\n\n\n<figure class=\"wp-block-image size-large\"><img decoding=\"async\" width=\"960\" height=\"726\" data-src=\"https:\/\/paulaellasinger.com\/blog\/wp-content\/uploads\/2020\/02\/cantapueblo-blog-2013.jpg\" alt=\"\" class=\"wp-image-280 lazyload\" data-srcset=\"https:\/\/crystalonlineglobaleducation.com.ar\/blog\/wp-content\/uploads\/2020\/02\/cantapueblo-blog-2013.jpg 960w, https:\/\/crystalonlineglobaleducation.com.ar\/blog\/wp-content\/uploads\/2020\/02\/cantapueblo-blog-2013-300x227.jpg 300w, https:\/\/crystalonlineglobaleducation.com.ar\/blog\/wp-content\/uploads\/2020\/02\/cantapueblo-blog-2013-768x581.jpg 768w\" data-sizes=\"(max-width: 960px) 100vw, 960px\" src=\"data:image\/svg+xml;base64,PHN2ZyB3aWR0aD0iMSIgaGVpZ2h0PSIxIiB4bWxucz0iaHR0cDovL3d3dy53My5vcmcvMjAwMC9zdmciPjwvc3ZnPg==\" style=\"--smush-placeholder-width: 960px; --smush-placeholder-aspect-ratio: 960\/726;\" \/><figcaption class=\"wp-element-caption\"><strong>En Cantapueblo, Mendoza, Argentina. La Fiesta de las Americas<\/strong><\/figcaption><\/figure>\n<\/div><\/div>\n\n\n\n<p><\/p>\n","protected":false},"excerpt":{"rendered":"<p>Entre juegos, bailes y series de televisi\u00f3n comenc\u00e9 a cantar en las reuniones familiares a mis 5 a\u00f1os. Recuerdo muy bien que lo que mas me pedian era ABBA y RAFAELA CARR\u00c1 con movimiento de cabeza inclu\u00eddo. Durante la escuela secundaria le cantaba a mis profesores y compa\u00f1eras. A los 15 empec\u00e9 a escribir y [&hellip;]<\/p>\n","protected":false},"author":2,"featured_media":0,"parent":0,"menu_order":0,"comment_status":"closed","ping_status":"closed","template":"","meta":{"footnotes":""},"class_list":["post-187","page","type-page","status-publish","hentry"],"_links":{"self":[{"href":"https:\/\/crystalonlineglobaleducation.com.ar\/blog\/wp-json\/wp\/v2\/pages\/187","targetHints":{"allow":["GET"]}}],"collection":[{"href":"https:\/\/crystalonlineglobaleducation.com.ar\/blog\/wp-json\/wp\/v2\/pages"}],"about":[{"href":"https:\/\/crystalonlineglobaleducation.com.ar\/blog\/wp-json\/wp\/v2\/types\/page"}],"author":[{"embeddable":true,"href":"https:\/\/crystalonlineglobaleducation.com.ar\/blog\/wp-json\/wp\/v2\/users\/2"}],"replies":[{"embeddable":true,"href":"https:\/\/crystalonlineglobaleducation.com.ar\/blog\/wp-json\/wp\/v2\/comments?post=187"}],"version-history":[{"count":0,"href":"https:\/\/crystalonlineglobaleducation.com.ar\/blog\/wp-json\/wp\/v2\/pages\/187\/revisions"}],"wp:attachment":[{"href":"https:\/\/crystalonlineglobaleducation.com.ar\/blog\/wp-json\/wp\/v2\/media?parent=187"}],"curies":[{"name":"wp","href":"https:\/\/api.w.org\/{rel}","templated":true}]}}